{"id":43,"date":"2022-03-30T22:56:59","date_gmt":"2022-03-30T22:56:59","guid":{"rendered":"https:\/\/proactivecr.com\/es\/?page_id=43"},"modified":"2022-04-12T00:16:59","modified_gmt":"2022-04-12T00:16:59","slug":"sponsors","status":"publish","type":"page","link":"https:\/\/proactivecr.com\/es\/sponsors\/","title":{"rendered":"Sponsors"},"content":{"rendered":"\t\t<div data-elementor-type=\"wp-page\" data-elementor-id=\"43\" class=\"elementor elementor-43\">\n\t\t\t\t\t\t<section class=\"elementor-section elementor-top-section elementor-element elementor-element-07535c4 elementor-section-boxed elementor-section-height-default elementor-section-height-default\" data-id=\"07535c4\" data-element_type=\"section\" data-e-type=\"section\" data-settings=\"{&quot;background_background&quot;:&quot;classic&quot;}\">\n\t\t\t\t\t\t\t<div class=\"elementor-background-overlay\"><\/div>\n\t\t\t\t\t\t\t<div class=\"elementor-container elementor-column-gap-no\">\n\t\t\t\t\t<div class=\"elementor-column elementor-col-100 elementor-top-column elementor-element elementor-element-fffcf26\" data-id=\"fffcf26\" data-element_type=\"column\" data-e-type=\"column\">\n\t\t\t<div class=\"elementor-widget-wrap elementor-element-populated\">\n\t\t\t\t\t\t<div class=\"elementor-element elementor-element-d2f4184 elementor-widget elementor-widget-heading\" data-id=\"d2f4184\" data-element_type=\"widget\" data-e-type=\"widget\" data-widget_type=\"heading.default\">\n\t\t\t\t<div class=\"elementor-widget-container\">\n\t\t\t\t\t<h1 class=\"elementor-heading-title elementor-size-default\">Patrocinadores<\/h1>\t\t\t\t<\/div>\n\t\t\t\t<\/div>\n\t\t\t\t\t<\/div>\n\t\t<\/div>\n\t\t\t\t\t<\/div>\n\t\t<\/section>\n\t\t\t\t<section class=\"elementor-section elementor-top-section elementor-element elementor-element-b41f71d elementor-section-boxed elementor-section-height-default elementor-section-height-default\" data-id=\"b41f71d\" data-element_type=\"section\" data-e-type=\"section\">\n\t\t\t\t\t\t<div class=\"elementor-container elementor-column-gap-default\">\n\t\t\t\t\t<div class=\"elementor-column elementor-col-100 elementor-top-column elementor-element elementor-element-8ea4dc7\" data-id=\"8ea4dc7\" data-element_type=\"column\" data-e-type=\"column\">\n\t\t\t<div class=\"elementor-widget-wrap elementor-element-populated\">\n\t\t\t\t\t\t<div class=\"elementor-element elementor-element-cb8a44a elementor-widget elementor-widget-heading\" data-id=\"cb8a44a\" data-element_type=\"widget\" data-e-type=\"widget\" data-widget_type=\"heading.default\">\n\t\t\t\t<div class=\"elementor-widget-container\">\n\t\t\t\t\t<h2 class=\"elementor-heading-title elementor-size-default\">Compromiso a la Excelencia <\/h2>\t\t\t\t<\/div>\n\t\t\t\t<\/div>\n\t\t\t\t<div class=\"elementor-element elementor-element-fb50810 elementor-widget-divider--view-line elementor-widget elementor-widget-divider\" data-id=\"fb50810\" data-element_type=\"widget\" data-e-type=\"widget\" data-widget_type=\"divider.default\">\n\t\t\t\t<div class=\"elementor-widget-container\">\n\t\t\t\t\t\t\t<div class=\"elementor-divider\">\n\t\t\t<span class=\"elementor-divider-separator\">\n\t\t\t\t\t\t<\/span>\n\t\t<\/div>\n\t\t\t\t\t\t<\/div>\n\t\t\t\t<\/div>\n\t\t\t\t<div class=\"elementor-element elementor-element-c6f7095 elementor-widget-mobile__width-inherit elementor-widget elementor-widget-text-editor\" data-id=\"c6f7095\" data-element_type=\"widget\" data-e-type=\"widget\" data-widget_type=\"text-editor.default\">\n\t\t\t\t<div class=\"elementor-widget-container\">\n\t\t\t\t\t\t\t\t\t<p><strong>Estamos comprometidos a trabajar con auspiciantes farmac\u00e9uticos cumpliendo con las m\u00e1s altas normas de protocolo y seguridad para el bienestar de nuestra comunidad.<\/strong><\/p>\t\t\t\t\t\t\t\t<\/div>\n\t\t\t\t<\/div>\n\t\t\t\t\t<\/div>\n\t\t<\/div>\n\t\t\t\t\t<\/div>\n\t\t<\/section>\n\t\t\t\t<section class=\"elementor-section elementor-top-section elementor-element elementor-element-304cada elementor-section-boxed elementor-section-height-default elementor-section-height-default\" data-id=\"304cada\" data-element_type=\"section\" data-e-type=\"section\" data-settings=\"{&quot;background_background&quot;:&quot;classic&quot;}\">\n\t\t\t\t\t\t\t<div class=\"elementor-background-overlay\"><\/div>\n\t\t\t\t\t\t\t<div class=\"elementor-container elementor-column-gap-default\">\n\t\t\t\t\t<div class=\"elementor-column elementor-col-50 elementor-top-column elementor-element elementor-element-3ed316d\" data-id=\"3ed316d\" data-element_type=\"column\" data-e-type=\"column\">\n\t\t\t<div class=\"elementor-widget-wrap elementor-element-populated\">\n\t\t\t\t\t\t<div class=\"elementor-element elementor-element-5b8ae81 elementor-widget elementor-widget-heading\" data-id=\"5b8ae81\" data-element_type=\"widget\" data-e-type=\"widget\" data-widget_type=\"heading.default\">\n\t\t\t\t<div class=\"elementor-widget-container\">\n\t\t\t\t\t<h1 class=\"elementor-heading-title elementor-size-default\">Experiencia Global<\/h1>\t\t\t\t<\/div>\n\t\t\t\t<\/div>\n\t\t\t\t<div class=\"elementor-element elementor-element-c8feb8b elementor-widget-divider--view-line elementor-widget elementor-widget-divider\" data-id=\"c8feb8b\" data-element_type=\"widget\" data-e-type=\"widget\" data-widget_type=\"divider.default\">\n\t\t\t\t<div class=\"elementor-widget-container\">\n\t\t\t\t\t\t\t<div class=\"elementor-divider\">\n\t\t\t<span class=\"elementor-divider-separator\">\n\t\t\t\t\t\t<\/span>\n\t\t<\/div>\n\t\t\t\t\t\t<\/div>\n\t\t\t\t<\/div>\n\t\t\t\t<div class=\"elementor-element elementor-element-e5d5d65 elementor-widget elementor-widget-text-editor\" data-id=\"e5d5d65\" data-element_type=\"widget\" data-e-type=\"widget\" data-widget_type=\"text-editor.default\">\n\t\t\t\t<div class=\"elementor-widget-container\">\n\t\t\t\t\t\t\t\t\t<p>\u2022 Nuestro investigadores principales cuentan con a\u00f1os de experiencia en el desarrollo y realizaci\u00f3n de estudios cl\u00ednicos en USA y Sur Am\u00e9rica. Muchos de nuestros coordinadores son certificados en el \u00e1rea de estudios cl\u00ednicos.<\/p><p>\u2022 Estamos comprometidos a seguir las mas estrictas medias \u00e9ticas para de completar estudios cl\u00ednicos de manera eficaz y segura dentro del tiempo requerido.<\/p><p>\u2022 Estamos ubicados estrat\u00e9gicamente en \u00e1reas altamente populadas y centrales para el acceso de pacientes.<\/p><p>\u2022 Como parte de nuestras instalaciones contamos con un espacio privado para el monitor auspiciante. El \u00e1rea de monitor esta equipada con acceso WIFI, tel\u00e9fono, copiador, fax y esc\u00e1ner. \u200b<\/p>\t\t\t\t\t\t\t\t<\/div>\n\t\t\t\t<\/div>\n\t\t\t\t\t<\/div>\n\t\t<\/div>\n\t\t\t\t<div class=\"elementor-column elementor-col-50 elementor-top-column elementor-element elementor-element-743b3df\" data-id=\"743b3df\" data-element_type=\"column\" data-e-type=\"column\">\n\t\t\t<div class=\"elementor-widget-wrap elementor-element-populated\">\n\t\t\t\t\t\t<div class=\"elementor-element elementor-element-c655991 elementor-widget elementor-widget-image\" data-id=\"c655991\" data-element_type=\"widget\" data-e-type=\"widget\" data-widget_type=\"image.default\">\n\t\t\t\t<div class=\"elementor-widget-container\">\n\t\t\t\t\t\t\t\t\t\t\t\t\t\t\t<img fetchpriority=\"high\" decoding=\"async\" width=\"1024\" height=\"683\" src=\"https:\/\/proactivecr.com\/es\/wp-content\/uploads\/2022\/04\/PCR-Sponsors-1024x683.jpg\" class=\"attachment-large size-large wp-image-332\" alt=\"\" srcset=\"https:\/\/proactivecr.com\/es\/wp-content\/uploads\/2022\/04\/PCR-Sponsors-1024x683.jpg 1024w, https:\/\/proactivecr.com\/es\/wp-content\/uploads\/2022\/04\/PCR-Sponsors-300x200.jpg 300w, https:\/\/proactivecr.com\/es\/wp-content\/uploads\/2022\/04\/PCR-Sponsors-768x512.jpg 768w, https:\/\/proactivecr.com\/es\/wp-content\/uploads\/2022\/04\/PCR-Sponsors-1536x1024.jpg 1536w, https:\/\/proactivecr.com\/es\/wp-content\/uploads\/2022\/04\/PCR-Sponsors-2048x1365.jpg 2048w\" sizes=\"(max-width: 1024px) 100vw, 1024px\" \/>\t\t\t\t\t\t\t\t\t\t\t\t\t\t\t<\/div>\n\t\t\t\t<\/div>\n\t\t\t\t<div class=\"elementor-element elementor-element-62ad796 elementor-widget elementor-widget-image\" data-id=\"62ad796\" data-element_type=\"widget\" data-e-type=\"widget\" data-widget_type=\"image.default\">\n\t\t\t\t<div class=\"elementor-widget-container\">\n\t\t\t\t\t\t\t\t\t\t\t\t\t\t\t<img decoding=\"async\" width=\"1024\" height=\"683\" src=\"https:\/\/proactivecr.com\/es\/wp-content\/uploads\/2022\/04\/PCR-Sponsors-2-1024x683.jpg\" class=\"attachment-large size-large wp-image-334\" alt=\"\" srcset=\"https:\/\/proactivecr.com\/es\/wp-content\/uploads\/2022\/04\/PCR-Sponsors-2-1024x683.jpg 1024w, https:\/\/proactivecr.com\/es\/wp-content\/uploads\/2022\/04\/PCR-Sponsors-2-300x200.jpg 300w, https:\/\/proactivecr.com\/es\/wp-content\/uploads\/2022\/04\/PCR-Sponsors-2-768x513.jpg 768w, https:\/\/proactivecr.com\/es\/wp-content\/uploads\/2022\/04\/PCR-Sponsors-2-1536x1025.jpg 1536w, https:\/\/proactivecr.com\/es\/wp-content\/uploads\/2022\/04\/PCR-Sponsors-2-2048x1367.jpg 2048w\" sizes=\"(max-width: 1024px) 100vw, 1024px\" \/>\t\t\t\t\t\t\t\t\t\t\t\t\t\t\t<\/div>\n\t\t\t\t<\/div>\n\t\t\t\t\t<\/div>\n\t\t<\/div>\n\t\t\t\t\t<\/div>\n\t\t<\/section>\n\t\t\t\t<section class=\"elementor-section elementor-top-section elementor-element elementor-element-7f1752e elementor-section-boxed elementor-section-height-default elementor-section-height-default\" data-id=\"7f1752e\" data-element_type=\"section\" data-e-type=\"section\">\n\t\t\t\t\t\t<div class=\"elementor-container elementor-column-gap-default\">\n\t\t\t\t\t<div class=\"elementor-column elementor-col-100 elementor-top-column elementor-element elementor-element-834700a\" data-id=\"834700a\" data-element_type=\"column\" data-e-type=\"column\">\n\t\t\t<div class=\"elementor-widget-wrap elementor-element-populated\">\n\t\t\t\t\t\t<div class=\"elementor-element elementor-element-c80a1a1 elementor-widget elementor-widget-heading\" data-id=\"c80a1a1\" data-element_type=\"widget\" data-e-type=\"widget\" data-widget_type=\"heading.default\">\n\t\t\t\t<div class=\"elementor-widget-container\">\n\t\t\t\t\t<h2 class=\"elementor-heading-title elementor-size-default\">Si desea m\u00e1s informaci\u00f3n acerca de Proactive Clinical Research, por favor comunicarse v\u00eda email a nuestro correo electr\u00f3nico: info@proactivecr.com <\/h2>\t\t\t\t<\/div>\n\t\t\t\t<\/div>\n\t\t\t\t\t<\/div>\n\t\t<\/div>\n\t\t\t\t\t<\/div>\n\t\t<\/section>\n\t\t\t\t<\/div>\n\t\t","protected":false},"excerpt":{"rendered":"<p>Patrocinadores Compromiso a la Excelencia Estamos comprometidos a trabajar con auspiciantes farmac\u00e9uticos cumpliendo con las m\u00e1s altas normas de protocolo y seguridad para el bienestar de nuestra comunidad. Experiencia Global \u2022 Nuestro investigadores principales cuentan con a\u00f1os de experiencia en el desarrollo y realizaci\u00f3n de estudios cl\u00ednicos en USA y Sur Am\u00e9rica. Muchos de nuestros [&hellip;]<\/p>\n","protected":false},"author":1,"featured_media":0,"parent":0,"menu_order":0,"comment_status":"closed","ping_status":"closed","template":"","meta":{"site-sidebar-layout":"no-sidebar","site-content-layout":"page-builder","ast-site-content-layout":"default","site-content-style":"default","site-sidebar-style":"default","ast-global-header-display":"","ast-banner-title-visibility":"","ast-main-header-display":"","ast-hfb-above-header-display":"","ast-hfb-below-header-display":"","ast-hfb-mobile-header-display":"","site-post-title":"disabled","ast-breadcrumbs-content":"","ast-featured-img":"disabled","footer-sml-layout":"","ast-disable-related-posts":"","theme-transparent-header-meta":"","adv-header-id-meta":"","stick-header-meta":"","header-above-stick-meta":"","header-main-stick-meta":"","header-below-stick-meta":"","astra-migrate-meta-layouts":"default","ast-page-background-enabled":"default","ast-page-background-meta":{"desktop":{"background-color":"var(--ast-global-color-4)","background-image":"","background-repeat":"repeat","background-position":"center center","background-size":"auto","background-attachment":"scroll","background-type":"","background-media":"","overlay-type":"","overlay-color":"","overlay-opacity":"","overlay-gradient":""},"tablet":{"background-color":"","background-image":"","background-repeat":"repeat","background-position":"center center","background-size":"auto","background-attachment":"scroll","background-type":"","background-media":"","overlay-type":"","overlay-color":"","overlay-opacity":"","overlay-gradient":""},"mobile":{"background-color":"","background-image":"","background-repeat":"repeat","background-position":"center center","background-size":"auto","background-attachment":"scroll","background-type":"","background-media":"","overlay-type":"","overlay-color":"","overlay-opacity":"","overlay-gradient":""}},"ast-content-background-meta":{"desktop":{"background-color":"var(--ast-global-color-5)","background-image":"","background-repeat":"repeat","background-position":"center center","background-size":"auto","background-attachment":"scroll","background-type":"","background-media":"","overlay-type":"","overlay-color":"","overlay-opacity":"","overlay-gradient":""},"tablet":{"background-color":"var(--ast-global-color-5)","background-image":"","background-repeat":"repeat","background-position":"center center","background-size":"auto","background-attachment":"scroll","background-type":"","background-media":"","overlay-type":"","overlay-color":"","overlay-opacity":"","overlay-gradient":""},"mobile":{"background-color":"var(--ast-global-color-5)","background-image":"","background-repeat":"repeat","background-position":"center center","background-size":"auto","background-attachment":"scroll","background-type":"","background-media":"","overlay-type":"","overlay-color":"","overlay-opacity":"","overlay-gradient":""}},"footnotes":""},"class_list":["post-43","page","type-page","status-publish","hentry"],"_links":{"self":[{"href":"https:\/\/proactivecr.com\/es\/wp-json\/wp\/v2\/pages\/43","targetHints":{"allow":["GET"]}}],"collection":[{"href":"https:\/\/proactivecr.com\/es\/wp-json\/wp\/v2\/pages"}],"about":[{"href":"https:\/\/proactivecr.com\/es\/wp-json\/wp\/v2\/types\/page"}],"author":[{"embeddable":true,"href":"https:\/\/proactivecr.com\/es\/wp-json\/wp\/v2\/users\/1"}],"replies":[{"embeddable":true,"href":"https:\/\/proactivecr.com\/es\/wp-json\/wp\/v2\/comments?post=43"}],"version-history":[{"count":79,"href":"https:\/\/proactivecr.com\/es\/wp-json\/wp\/v2\/pages\/43\/revisions"}],"predecessor-version":[{"id":743,"href":"https:\/\/proactivecr.com\/es\/wp-json\/wp\/v2\/pages\/43\/revisions\/743"}],"wp:attachment":[{"href":"https:\/\/proactivecr.com\/es\/wp-json\/wp\/v2\/media?parent=43"}],"curies":[{"name":"wp","href":"https:\/\/api.w.org\/{rel}","templated":true}]}}